{"id":1016,"date":"2020-07-20T15:16:25","date_gmt":"2020-07-20T15:16:25","guid":{"rendered":"https:\/\/dev.wirelessaccessibility.ca\/?page_id=1016"},"modified":"2025-06-20T18:32:17","modified_gmt":"2025-06-20T18:32:17","slug":"accueil","status":"publish","type":"page","link":"https:\/\/wirelessaccessibility.ca\/fr\/","title":{"rendered":"Accueil"},"content":{"rendered":"<div class=\"fusion-fullwidth fullwidth-box fusion-builder-row-1 nonhundred-percent-fullwidth non-hundred-percent-height-scrolling\" style=\"background-color: #ffffff;background-position: center center;background-repeat: no-repeat;padding-top:0px;padding-right:0px;padding-bottom:0px;padding-left:0px;margin-bottom: 0px;margin-top: 0px;border-width: 0px 0px 0px 0px;border-color:#eae9e9;border-style:solid;\" ><div class=\"fusion-builder-row fusion-row\"><div class=\"fusion-layout-column fusion_builder_column fusion-builder-column-0 fusion_builder_column_1_1 1_1 fusion-one-full fusion-column-first fusion-column-last\" style=\"margin-top:0px;margin-bottom:20px;\"><div class=\"fusion-column-wrapper fusion-flex-column-wrapper-legacy\" style=\"background-position:left top;background-repeat:no-repeat;-webkit-background-size:cover;-moz-background-size:cover;-o-background-size:cover;background-size:cover;padding: 0px 0px 0px 0px;\"><style type=\"text\/css\"><\/style><div class=\"fusion-title title fusion-title-1 fusion-sep-none fusion-title-center fusion-title-text fusion-title-size-one\" style=\"margin-top:10px;margin-bottom:15px;\"><h1 class=\"title-heading-center\" style=\"margin:0;\">Bienvenue \u00e0 Accessibilit\u00e9SansFil.ca!<\/h1><\/div><div class=\"fusion-text fusion-text-1\"><h2 style=\"font-size: 16px;\" data-wahfont=\"16\"><b>Tous les jours, les technologies sans fil transforment la vie des Canadiens et des Canadiennes.<\/b><\/h2>\n<p style=\"font-size: 16px;\" data-wahfont=\"16\">Nous utilisons les technologies sans fil pour tout! Rester connect\u00e9s avec nos amis et notre famille. Am\u00e9liorer notre productivit\u00e9 au travail. Apprendre de nouvelles comp\u00e9tences. Et m\u00eame g\u00e9rer notre vie au quotidien!<\/p>\n<h2 style=\"font-size: 16px;\" data-wahfont=\"16\"><b>Mais tirez-vous r\u00e9ellement le meilleur parti de votre appareil? <\/b><\/h2>\n<p style=\"font-size: 16px;\" data-wahfont=\"16\">Dans un contexte o\u00f9 nous comptons de plus en plus sur nos appareils sans fil, il importe que ces appareils nous facilitent la vie, et non l\u2019inverse. En effet, les appareils sont dot\u00e9s de plusieurs fonctionnalit\u00e9s qui non seulement les rendent encore plus utiles, mais qui en am\u00e9liorent l\u2019accessibilit\u00e9.<\/p>\n<p style=\"font-size: 16px;\" data-wahfont=\"16\">Le pr\u00e9sent site a \u00e9t\u00e9 con\u00e7u pour aider divers groupes, comme les personnes ayant un handicap et les personnes \u00e2g\u00e9es, \u00e0 mieux comprendre les fonctions de leur appareil. Le site fournit entre autres de l\u2019information utile dans les pages suivantes:<\/p>\n<ul style=\"font-size: 16px;\" data-wahfont=\"16\">\n<li><a href=\"https:\/\/wirelessaccessibility.ca\/fr\/recherche-dappareil\">Recherche d\u2019appareil<\/a> : Cette page permet de comparer les avantages des appareils en mati\u00e8re d\u2019accessibilit\u00e9 et d\u2019options, ainsi que de trouver les meilleures options d\u2019appareils dans la base de donn\u00e9es interrogeable.<\/li>\n<li><a href=\"https:\/\/wirelessaccessibility.ca\/fr\/forfaits-et-services-accessibles\">Recherche de forfaits et de services sans fil<\/a> : Cette page permet de comparer les forfaits et les services sans fil offerts sur le march\u00e9.<\/li>\n<li><a href=\"https:\/\/wirelessaccessibility.ca\/fr\/ressources\">Ressources<\/a> : Cette page aide \u00e0 mieux comprendre les divers services et ressources offerts aux personnes qui ont des besoins en mati\u00e8re d\u2019accessibilit\u00e9, y compris de l\u2019information sur les applications, les services de messagerie, les services de relais vid\u00e9o, et les services de textos au 9-1-1.<\/li>\n<li><a href=\"https:\/\/wirelessaccessibility.ca\/fr\/page-des-medias\">M\u00e9dias<\/a> : Cette page propose des liens vers des vid\u00e9os en LSQ et en ASL, accompagn\u00e9es de sous-titres, traitant de sujets tels que le Code des services sans fil, le Service d\u2019alertes sans fil au public, ainsi que le Code sur les services Internet.<\/li>\n<li><a href=\"https:\/\/wirelessaccessibility.ca\/fr\/donnees\">Donn\u00e9es<\/a> : Cette page pr\u00e9sente les diff\u00e9rents types de donn\u00e9es auxquelles vous pouvez avoir acc\u00e8s et ce dont vous devez tenir compte dans le choix d\u2019un forfait.<\/li>\n<\/ul>\n<p style=\"font-size: 16px;\" data-wahfont=\"16\"><b>Bienvenue sur Accessibilit\u00e9SansFil.ca &#8211; Bienvenue dans le monde du sans-fil accessible<\/b><\/p>\n<\/div><div class=\"fusion-clearfix\"><\/div><\/div><\/div><\/div><\/div>\n","protected":false},"excerpt":{"rendered":"","protected":false},"author":124,"featured_media":0,"parent":0,"menu_order":0,"comment_status":"open","ping_status":"closed","template":"","meta":[],"_links":{"self":[{"href":"https:\/\/wirelessaccessibility.ca\/fr\/wp-json\/wp\/v2\/pages\/1016"}],"collection":[{"href":"https:\/\/wirelessaccessibility.ca\/fr\/wp-json\/wp\/v2\/pages"}],"about":[{"href":"https:\/\/wirelessaccessibility.ca\/fr\/wp-json\/wp\/v2\/types\/page"}],"author":[{"embeddable":true,"href":"https:\/\/wirelessaccessibility.ca\/fr\/wp-json\/wp\/v2\/users\/124"}],"replies":[{"embeddable":true,"href":"https:\/\/wirelessaccessibility.ca\/fr\/wp-json\/wp\/v2\/comments?post=1016"}],"version-history":[{"count":16,"href":"https:\/\/wirelessaccessibility.ca\/fr\/wp-json\/wp\/v2\/pages\/1016\/revisions"}],"predecessor-version":[{"id":1907,"href":"https:\/\/wirelessaccessibility.ca\/fr\/wp-json\/wp\/v2\/pages\/1016\/revisions\/1907"}],"wp:attachment":[{"href":"https:\/\/wirelessaccessibility.ca\/fr\/wp-json\/wp\/v2\/media?parent=1016"}],"curies":[{"name":"wp","href":"https:\/\/api.w.org\/{rel}","templated":true}]}}